{"id":538,"date":"2020-08-24T09:06:38","date_gmt":"2020-08-24T07:06:38","guid":{"rendered":"https:\/\/josuneeguia.com\/inicio\/"},"modified":"2024-02-21T12:14:14","modified_gmt":"2024-02-21T11:14:14","slug":"inicio","status":"publish","type":"page","link":"https:\/\/josuneeguia.com\/eu\/","title":{"rendered":"Haziera"},"content":{"rendered":"\t\t<div data-elementor-type=\"wp-page\" data-elementor-id=\"538\" class=\"elementor elementor-538 elementor-46\">\n\t\t\t\t\t\t<section class=\"elementor-section elementor-top-section elementor-element elementor-element-21aa07d2 dsvy-bg-color-yes dsvy-elementor-bg-color-white elementor-section-stretched dsvy-col-stretched-none dsvy-bg-color-over-image elementor-section-boxed elementor-section-height-default elementor-section-height-default\" data-id=\"21aa07d2\" data-element_type=\"section\" data-settings=\"{&quot;stretch_section&quot;:&quot;section-stretched&quot;,&quot;background_background&quot;:&quot;classic&quot;}\">\n\t\t\t\t\t\t\t<div class=\"elementor-background-overlay\"><\/div>\n\t\t\t\t\t\t\t<div class=\"elementor-container elementor-column-gap-no\">\n\t\t\t\t\t<div class=\"elementor-column elementor-col-100 elementor-top-column elementor-element elementor-element-5f7a90ce dsvy-bg-color-over-image\" data-id=\"5f7a90ce\" data-element_type=\"column\">\n\t\t\t<div class=\"elementor-widget-wrap elementor-element-populated\">\n\t\t\t\t\t\t<div class=\"elementor-element elementor-element-6d427807 dsvy-align-center elementor-widget elementor-widget-dsvy_heading\" data-id=\"6d427807\" data-element_type=\"widget\" data-widget_type=\"dsvy_heading.default\">\n\t\t\t\t<div class=\"elementor-widget-container\">\n\t\t\t\t\t\t<div class=\"dsvy-heading-subheading center-align dsvy-reverse-heading-yes\"><h4 class=\"dsvy-element-subtitle\">\r\n\t\t\t\r\n\t\t\t\t\nKanpuzar Psikologia\n\r\n\t\t\t\r\n\t\t\t<\/h4>\r\n\t\t<h2 class=\"dsvy-element-title\">\r\n\t\t\t\r\n\t\t\t\t1995ean sortutako Psikoterapia Kabinetea, <strong>Osasun-zentroko<\/strong> kualifikazioarekin\r\n\t\t\t\r\n\t\t\t<\/h2>\r\n\t\t<div class=\"dsvy-heading-desc\">\nESPERIENTZIA OSASUN MENTALEAN 1995etik<\/div><\/div>\t\t\t\t<\/div>\n\t\t\t\t<\/div>\n\t\t\t\t<section class=\"elementor-section elementor-inner-section elementor-element elementor-element-176a5f44 dsvy-col-stretched-none dsvy-bg-color-over-image elementor-section-boxed elementor-section-height-default elementor-section-height-default\" data-id=\"176a5f44\" data-element_type=\"section\">\n\t\t\t\t\t\t<div class=\"elementor-container elementor-column-gap-no\">\n\t\t\t\t\t<div class=\"elementor-column elementor-col-50 elementor-inner-column elementor-element elementor-element-250b779e dsvy-bg-color-over-image\" data-id=\"250b779e\" data-element_type=\"column\">\n\t\t\t<div class=\"elementor-widget-wrap elementor-element-populated\">\n\t\t\t\t\t\t<div class=\"elementor-element elementor-element-66dc5822 elementor-widget elementor-widget-dsvy_icon_heading\" data-id=\"66dc5822\" data-element_type=\"widget\" data-widget_type=\"dsvy_icon_heading.default\">\n\t\t\t\t<div class=\"elementor-widget-container\">\n\t\t\t\t\t<div class=\"dsvy-ihbox dsvy-ihbox-style-3\">\r\n<div class=\"dsvy-ihbox-box d-flex\">\r\n\t<div class=\"dsvy-ihbox-icon\"><div class=\"dsvy-ihbox-icon-wrapper\"><i class=\"dsvy-cardioly-icon dsvy-cardioly-icon-comment\"><\/i><\/div><\/div>\t<div class=\"dsvy-ihbox-contents\">\r\n\t\t<h2 class=\"dsvy-element-title\">\r\n\t\t\t\t\t\r\n\t\t\t\t\t\t\nPsikologo Espezialista Psikologia Klinikoan\n\r\n\t\t\t\t\t\r\n\t\t\t\t\t<\/h2>\r\n\t\t\t\t\t\t\t\t<div class=\"dsvy-heading-desc\">\nHezkuntza eta Zientzia Ministerioaren Psikologo Espezialistaren titulu ofiziala.\n<\/div>\t\t\t<\/div><!-- .dsvy-ihbox-contents -->\r\n<\/div><\/div>\t\t\t\t<\/div>\n\t\t\t\t<\/div>\n\t\t\t\t<div class=\"elementor-element elementor-element-989ac37 elementor-widget elementor-widget-dsvy_icon_heading\" data-id=\"989ac37\" data-element_type=\"widget\" data-widget_type=\"dsvy_icon_heading.default\">\n\t\t\t\t<div class=\"elementor-widget-container\">\n\t\t\t\t\t<div class=\"dsvy-ihbox dsvy-ihbox-style-3\">\r\n<div class=\"dsvy-ihbox-box d-flex\">\r\n\t<div class=\"dsvy-ihbox-icon\"><div class=\"dsvy-ihbox-icon-wrapper\"><i class=\"dsvy-cardioly-icon dsvy-cardioly-icon-comment\"><\/i><\/div><\/div>\t<div class=\"dsvy-ihbox-contents\">\r\n\t\t<h2 class=\"dsvy-element-title\">\r\n\t\t\t\t\t\r\n\t\t\t\t\t\t\nPsikoterapian Psikologo Espezialista\n\r\n\t\t\t\t\t\r\n\t\t\t\t\t<\/h2>\r\n\t\t\t\t\t\t\t\t<div class=\"dsvy-heading-desc\">\nEuropako Psikologoen Elkarteen Federazioaren (EFPA) egiaztapen-ziurtagiria, EuroPsy (European Certificate in Psychology).\n<\/div>\t\t\t<\/div><!-- .dsvy-ihbox-contents -->\r\n<\/div><\/div>\t\t\t\t<\/div>\n\t\t\t\t<\/div>\n\t\t\t\t<div class=\"elementor-element elementor-element-99ce882 elementor-widget elementor-widget-dsvy_icon_heading\" data-id=\"99ce882\" data-element_type=\"widget\" data-widget_type=\"dsvy_icon_heading.default\">\n\t\t\t\t<div class=\"elementor-widget-container\">\n\t\t\t\t\t<div class=\"dsvy-ihbox dsvy-ihbox-style-3\">\r\n<div class=\"dsvy-ihbox-box d-flex\">\r\n\t<div class=\"dsvy-ihbox-icon\"><div class=\"dsvy-ihbox-icon-wrapper\"><i class=\"dsvy-cardioly-icon dsvy-cardioly-icon-comment\"><\/i><\/div><\/div>\t<div class=\"dsvy-ihbox-contents\">\r\n\t\t<h2 class=\"dsvy-element-title\">\r\n\t\t\t\t\t\r\n\t\t\t\t\t\t\nAntsietatearen, Afektibitatearen eta Min Kronikoaren Nahasmenduetan LPSrekin Esku Hartzeko aditua\n\r\n\t\t\t\t\t\r\n\t\t\t\t\t<\/h2>\r\n\t\t\t\t\t\t\t\t<div class=\"dsvy-heading-desc\">Denbora Mugatuko Psikoterapien Europako Institutuaren izenean\n<\/div>\t\t\t<\/div><!-- .dsvy-ihbox-contents -->\r\n<\/div><\/div>\t\t\t\t<\/div>\n\t\t\t\t<\/div>\n\t\t\t\t<div class=\"elementor-element elementor-element-405f6ca7 elementor-widget elementor-widget-dsvy_icon_heading\" data-id=\"405f6ca7\" data-element_type=\"widget\" data-widget_type=\"dsvy_icon_heading.default\">\n\t\t\t\t<div class=\"elementor-widget-container\">\n\t\t\t\t\t<div class=\"dsvy-ihbox dsvy-ihbox-style-3\">\r\n<div class=\"dsvy-ihbox-box d-flex\">\r\n\t<div class=\"dsvy-ihbox-icon\"><div class=\"dsvy-ihbox-icon-wrapper\"><i class=\"dsvy-cardioly-icon dsvy-cardioly-icon-comment\"><\/i><\/div><\/div>\t<div class=\"dsvy-ihbox-contents\">\r\n\t\t<h2 class=\"dsvy-element-title\">\r\n\t\t\t\t\t\r\n\t\t\t\t\t\t\nPSIKOLOGO KLINIKOA ETA DIAGNOSTIKO ETA TERAPIAKO MASTERRA\n\r\n\t\t\t\t\t\r\n\t\t\t\t\t<\/h2>\r\n\t\t\t\t\t\t\t\t<div class=\"dsvy-heading-desc\">\nhelduentzako\n<\/div>\t\t\t<\/div><!-- .dsvy-ihbox-contents -->\r\n<\/div><\/div>\t\t\t\t<\/div>\n\t\t\t\t<\/div>\n\t\t\t\t<div class=\"elementor-element elementor-element-fa0da0b elementor-widget elementor-widget-dsvy_icon_heading\" data-id=\"fa0da0b\" data-element_type=\"widget\" data-widget_type=\"dsvy_icon_heading.default\">\n\t\t\t\t<div class=\"elementor-widget-container\">\n\t\t\t\t\t<div class=\"dsvy-ihbox dsvy-ihbox-style-3\">\r\n<div class=\"dsvy-ihbox-box d-flex\">\r\n\t<div class=\"dsvy-ihbox-icon\"><div class=\"dsvy-ihbox-icon-wrapper\"><i class=\"dsvy-cardioly-icon dsvy-cardioly-icon-comment\"><\/i><\/div><\/div>\t<div class=\"dsvy-ihbox-contents\">\r\n\t\t<h2 class=\"dsvy-element-title\">\r\n\t\t\t\t\t\r\n\t\t\t\t\t\tNEUROPSIKOLOGIAKO GRADUONDOKOA\r\n\t\t\t\t\t\r\n\t\t\t\t\t<\/h2>\r\n\t\t\t\t\t\t\t\t<div class=\"dsvy-heading-desc\">\n<\/div>\t\t\t<\/div><!-- .dsvy-ihbox-contents -->\r\n<\/div><\/div>\t\t\t\t<\/div>\n\t\t\t\t<\/div>\n\t\t\t\t<div class=\"elementor-element elementor-element-77866ac elementor-widget elementor-widget-dsvy_icon_heading\" data-id=\"77866ac\" data-element_type=\"widget\" data-widget_type=\"dsvy_icon_heading.default\">\n\t\t\t\t<div class=\"elementor-widget-container\">\n\t\t\t\t\t<div class=\"dsvy-ihbox dsvy-ihbox-style-3\">\r\n<div class=\"dsvy-ihbox-box d-flex\">\r\n\t<div class=\"dsvy-ihbox-icon\"><div class=\"dsvy-ihbox-icon-wrapper\"><i class=\"dsvy-cardioly-icon dsvy-cardioly-icon-comment\"><\/i><\/div><\/div>\t<div class=\"dsvy-ihbox-contents\">\r\n\t\t<h2 class=\"dsvy-element-title\">\r\n\t\t\t\t\t\r\n\t\t\t\t\t\t\nHAURREN ETA NERABEEN PSIKOTERAPIAKO AHOLKULARI ESPEZIALISTA\n\r\n\t\t\t\t\t\r\n\t\t\t\t\t<\/h2>\r\n\t\t\t\t\t\t\t\t<div class=\"dsvy-heading-desc\">Ha desarrollado su labor en el \u00e1rea de la Psicolog\u00eda Cl\u00ednica con ni\u00f1os, adolescentes y adultos desde el a\u00f1o 1995, dentro de la orientaci\u00f3n cognitivo conductual.\n<\/div>\t\t\t<\/div><!-- .dsvy-ihbox-contents -->\r\n<\/div><\/div>\t\t\t\t<\/div>\n\t\t\t\t<\/div>\n\t\t\t\t\t<\/div>\n\t\t<\/div>\n\t\t\t\t<div class=\"elementor-column elementor-col-50 elementor-inner-column elementor-element elementor-element-1c875b01 dsvy-bg-color-over-image\" data-id=\"1c875b01\" data-element_type=\"column\">\n\t\t\t<div class=\"elementor-widget-wrap elementor-element-populated\">\n\t\t\t\t\t\t<div class=\"elementor-element elementor-element-46879e9b elementor-widget__width-initial elementor-widget elementor-widget-image\" data-id=\"46879e9b\" data-element_type=\"widget\" data-widget_type=\"image.default\">\n\t\t\t\t<div class=\"elementor-widget-container\">\n\t\t\t\t\t\t\t\t\t\t\t\t\t\t\t<img decoding=\"async\" src=\"https:\/\/josuneeguia.com\/wp-content\/uploads\/elementor\/thumbs\/IMG_0072-qj4x3ku25svzabpx7x87keucsduee2ygtpdymjms4w.jpg\" title=\"IMG_0072\" alt=\"IMG_0072\" loading=\"lazy\" \/>\t\t\t\t\t\t\t\t\t\t\t\t\t\t\t<\/div>\n\t\t\t\t<\/div>\n\t\t\t\t\t<\/div>\n\t\t<\/div>\n\t\t\t\t\t<\/div>\n\t\t<\/section>\n\t\t\t\t\t<\/div>\n\t\t<\/div>\n\t\t\t\t\t<\/div>\n\t\t<\/section>\n\t\t\t\t<section class=\"elementor-section elementor-top-section elementor-element elementor-element-682f4ff elementor-section-stretched dsvy-col-stretched-none dsvy-bg-color-over-image elementor-section-boxed elementor-section-height-default elementor-section-height-default\" data-id=\"682f4ff\" data-element_type=\"section\" data-settings=\"{&quot;stretch_section&quot;:&quot;section-stretched&quot;,&quot;background_background&quot;:&quot;classic&quot;}\">\n\t\t\t\t\t\t<div class=\"elementor-container elementor-column-gap-no\">\n\t\t\t\t\t<div class=\"elementor-column elementor-col-100 elementor-top-column elementor-element elementor-element-1b858d7 dsvy-bg-color-over-image\" data-id=\"1b858d7\" data-element_type=\"column\">\n\t\t\t<div class=\"elementor-widget-wrap elementor-element-populated\">\n\t\t\t\t\t\t<div class=\"elementor-element elementor-element-249c62a dsvy-align-center elementor-widget elementor-widget-dsvy_heading\" data-id=\"249c62a\" data-element_type=\"widget\" data-widget_type=\"dsvy_heading.default\">\n\t\t\t\t<div class=\"elementor-widget-container\">\n\t\t\t\t\t\t<div class=\"dsvy-heading-subheading center-align dsvy-reverse-heading-yes\"><h4 class=\"dsvy-element-subtitle\">\r\n\t\t\t\r\n\t\t\t\t\nCampuzanoko sortzailea\n\r\n\t\t\t\r\n\t\t\t<\/h4>\r\n\t\t<h2 class=\"dsvy-element-title\">\r\n\t\t\t\r\n\t\t\t\tMiren Josune Eguia Fern\u00e1ndez\r\n\t\t\t\r\n\t\t\t<\/h2>\r\n\t\t<\/div>\t\t\t\t<\/div>\n\t\t\t\t<\/div>\n\t\t\t\t<div class=\"elementor-element elementor-element-814a79d elementor-widget elementor-widget-image\" data-id=\"814a79d\" data-element_type=\"widget\" data-widget_type=\"image.default\">\n\t\t\t\t<div class=\"elementor-widget-container\">\n\t\t\t\t\t\t\t\t\t\t\t\t\t\t\t<img decoding=\"async\" src=\"https:\/\/josuneeguia.com\/wp-content\/uploads\/elementor\/thumbs\/Josune-Eguia-Psicologia-Bilbao-qj4w6qd0widja1smv1q49r7s6o7sn432eiignkfeiu.jpg\" title=\"Josune Eguia Psicologia Bilbao\" alt=\"Josune Eguia Psicologia Bilbao\" loading=\"lazy\" \/>\t\t\t\t\t\t\t\t\t\t\t\t\t\t\t<\/div>\n\t\t\t\t<\/div>\n\t\t\t\t<div class=\"elementor-element elementor-element-42993d0 elementor-widget elementor-widget-text-editor\" data-id=\"42993d0\" data-element_type=\"widget\" data-widget_type=\"text-editor.default\">\n\t\t\t\t<div class=\"elementor-widget-container\">\n\t\t\t\t\t\t\t\t\t<p>Miren Josune Eguia Fern\u00e1ndez, <strong>Osasun Mentalaren arloan 28 urtetik gorako esperientzia<\/strong> duena, Campuzanoren sortzailea da.<\/p><p><strong>Psikologia Klinikoko psikologo espezialista<\/strong> da, Psikologia Klinikoko psikologo espezialista titulu ofiziala, Hezkuntza eta Zientzia Ministerioaren aldetik.<\/p><p><strong>Psikoterapiako psikologo espezialista<\/strong> da, EFPAk (Psikologoen Elkarteen Europako Federazioa, EuroPsy) emandako egiaztapen-ziurtagiria.<\/p><p>Helduen diagnostiko era <strong>terapiako masterra<\/strong>, <strong>neuropsicologiako graduondokoa<\/strong> eta <strong>haurren era nerebeeb psicoterapiako aholkulari especialista<\/strong>. 1995. urtetik aurrera Psikologia Klinikoaren arloan haur, nerabe eta helduekin egin du lan, jokabidearen orientabide kognitiboaren barruan.<\/p><p>Denbora Mugatuko <strong>Psikoterapien Europako Institutuak Antsietate, Afektibitate eta Min Kronikoaren Nahasteetako LGPrekin<\/strong> esku hartzen aditua.<\/p><p><strong>Iru\u00f1eko Unibertsitateko Sanitario Masterreko irakaslea<\/strong> izan da.<\/p><p>Granadako Unibertsitateko Jokabidearen Psikologiako Espainiako Elkarteko <strong>Psikologia Kognitibo-Konduktualeko Unibertsitate Masterreko<\/strong> irakaslea ere izan da.<\/p><p><strong>Psikologia Kliniko Kognitibo Konduktualeko<\/strong> Espainiako Elkarteko (AEPCCC)<\/p><p>Osasun Mentaleko Praktika <strong>Klinikoko Masterreko Practicumeko praktiketako<\/strong> psikologoen tutore gisa egin du lan.<\/p><p>Madrilgo Men\u00e9ndez eta Pelayo Unibertsitateko <strong>Osasun Psikologia Orokorreko Unibertsitate Masterrean<\/strong> ere aritu da irakasle lanetan.<\/p><p>Psikoterapiako hainbat liburu eta artikulu idatzi ditu:<\/p><p><strong><em>\u201cComo ayudar a solucionar los problemas de sus hijos\u201d.<\/em><\/strong><\/p><p><strong><em>\u201cEducar en la tolerancia y en la responsabilidad.\u201d <\/em><\/strong><\/p><p><strong><em>\u201cYo si, drogas no.\u00a0 Elige t\u00fa\u201d<\/em><\/strong><\/p><p><strong><em>\u201cNueva generaci\u00f3n\u201d Programa de formaci\u00f3n en valores y derechos humanos.<\/em><\/strong><\/p><p>Irrati-komunikabide desberdinekin lan egin du.<\/p><p>Gainera, idatzizko hainbat komunikabiderekin parte hartu du psikologiako hainbat gairi buruzko artikulu ugari idazten.<\/p>\t\t\t\t\t\t\t\t<\/div>\n\t\t\t\t<\/div>\n\t\t\t\t\t<\/div>\n\t\t<\/div>\n\t\t\t\t\t<\/div>\n\t\t<\/section>\n\t\t\t\t<section class=\"elementor-section elementor-top-section elementor-element elementor-element-3e86f0b3 dsvy-col-stretched-none dsvy-bg-color-over-image elementor-section-boxed elementor-section-height-default elementor-section-height-default\" data-id=\"3e86f0b3\" data-element_type=\"section\">\n\t\t\t\t\t\t<div class=\"elementor-container elementor-column-gap-no\">\n\t\t\t\t\t<div class=\"elementor-column elementor-col-100 elementor-top-column elementor-element elementor-element-2aa6020a dsvy-bg-color-over-image\" data-id=\"2aa6020a\" data-element_type=\"column\">\n\t\t\t<div class=\"elementor-widget-wrap elementor-element-populated\">\n\t\t\t\t\t\t<div class=\"elementor-element elementor-element-2c0c785b elementor-widget elementor-widget-dsvy_icon_heading\" data-id=\"2c0c785b\" data-element_type=\"widget\" data-widget_type=\"dsvy_icon_heading.default\">\n\t\t\t\t<div class=\"elementor-widget-container\">\n\t\t\t\t\t<div class=\"dsvy-ihbox dsvy-ihbox-style-7\">\r\n<div class=\"dsvy-ihbox-box\">\r\n\t<div class=\"dsvy-ihbox-icon\"><div class=\"dsvy-ihbox-icon-wrapper dsvy-ihbox-icon-type-text\">Telefonoak<\/div><\/div>\t<div class=\"dsvy-ihbox-contents\">\r\n\t\t\t\t<h4 class=\"dsvy-element-heading\">\r\n\t\t\t\t\t<a href=\"tel:94 413 07 01\"><span>\r\n\t\t\t\t\t\t94 413 07 01  \/  646 453 906\r\n\t\t\t\t\t<\/span><\/a>\r\n\t\t\t\t\t<\/h4>\r\n\t\t\t\t\t\t<div class=\"dsvy-heading-desc\">\nEz izan zalantzarik gurekin harremanetan jartzeko.\nAholkularitza behar baduzu, pozik erantzungo dizugu.\n<\/div>\t\t\t<\/div><!-- .dsvy-ihbox-contents -->\r\n<\/div><\/div>\t\t\t\t<\/div>\n\t\t\t\t<\/div>\n\t\t\t\t\t<\/div>\n\t\t<\/div>\n\t\t\t\t\t<\/div>\n\t\t<\/section>\n\t\t\t\t<section class=\"elementor-section elementor-top-section elementor-element elementor-element-11146d3 dsvy-col-stretched-none dsvy-bg-color-over-image elementor-section-boxed elementor-section-height-default elementor-section-height-default\" data-id=\"11146d3\" data-element_type=\"section\">\n\t\t\t\t\t\t<div class=\"elementor-container elementor-column-gap-default\">\n\t\t\t\t\t<div class=\"elementor-column elementor-col-100 elementor-top-column elementor-element elementor-element-e53e177 dsvy-bg-color-over-image\" data-id=\"e53e177\" data-element_type=\"column\">\n\t\t\t<div class=\"elementor-widget-wrap elementor-element-populated\">\n\t\t\t\t\t\t<div class=\"elementor-element elementor-element-612e52e elementor-widget elementor-widget-spacer\" data-id=\"612e52e\" data-element_type=\"widget\" data-widget_type=\"spacer.default\">\n\t\t\t\t<div class=\"elementor-widget-container\">\n\t\t\t\t\t\t\t<div class=\"elementor-spacer\">\n\t\t\t<div class=\"elementor-spacer-inner\"><\/div>\n\t\t<\/div>\n\t\t\t\t\t\t<\/div>\n\t\t\t\t<\/div>\n\t\t\t\t\t<\/div>\n\t\t<\/div>\n\t\t\t\t\t<\/div>\n\t\t<\/section>\n\t\t\t\t<\/div>\n\t\t","protected":false},"excerpt":{"rendered":"<p>Kanpuzar Psikologia 1995ean sortutako Psikoterapia Kabinetea, Osasun-zentroko kualifikazioarekin ESPERIENTZIA OSASUN MENTALEAN 1995etik Psikologo Espezialista Psikologia Klinikoan Hezkuntza eta Zientzia Ministerioaren Psikologo Espezialistaren titulu ofiziala. Psikoterapian Psikologo Espezialista Europako Psikologoen Elkarteen Federazioaren (EFPA) egiaztapen-ziurtagiria, EuroPsy (European Certificate in Psychology). Antsietatearen, Afektibitatearen eta Min Kronikoaren Nahasmenduetan LPSrekin Esku Hartzeko aditua Denbora Mugatuko Psikoterapien Europako Institutuaren izenean PSIKOLOGO KLINIKOA ETA DIAGNOSTIKO ETA TERAPIAKO MASTERRA helduentzako NEUROPSIKOLOGIAKO GRADUONDOKOA HAURREN ETA NERABEEN PSIKOTERAPIAKO AHOLKULARI ESPEZIALISTA[&hellip;]<\/p>\n","protected":false},"author":3,"featured_media":0,"parent":0,"menu_order":0,"comment_status":"closed","ping_status":"closed","template":"","meta":{"_acf_changed":false,"footnotes":""},"class_list":["post-538","page","type-page","status-publish","hentry"],"acf":[],"yoast_head":"<!-- This site is optimized with the Yoast SEO plugin v26.3 - https:\/\/yoast.com\/wordpress\/plugins\/seo\/ -->\n<title>Haziera - CAMPUZANO Psicolog\u00eda<\/title>\n<meta name=\"robots\" content=\"index, follow, max-snippet:-1, max-image-preview:large, max-video-preview:-1\" \/>\n<link rel=\"canonical\" href=\"https:\/\/josuneeguia.com\/eu\/\" \/>\n<meta property=\"og:locale\" content=\"eu_ES\" \/>\n<meta property=\"og:type\" content=\"article\" \/>\n<meta property=\"og:title\" content=\"Haziera - CAMPUZANO Psicolog\u00eda\" \/>\n<meta property=\"og:description\" content=\"Kanpuzar Psikologia 1995ean sortutako Psikoterapia Kabinetea, Osasun-zentroko kualifikazioarekin ESPERIENTZIA OSASUN MENTALEAN 1995etik Psikologo Espezialista Psikologia Klinikoan Hezkuntza eta Zientzia Ministerioaren Psikologo Espezialistaren titulu ofiziala. Psikoterapian Psikologo Espezialista Europako Psikologoen Elkarteen Federazioaren (EFPA) egiaztapen-ziurtagiria, EuroPsy (European Certificate in Psychology). Antsietatearen, Afektibitatearen eta Min Kronikoaren Nahasmenduetan LPSrekin Esku Hartzeko aditua Denbora Mugatuko Psikoterapien Europako Institutuaren izenean PSIKOLOGO KLINIKOA ETA DIAGNOSTIKO ETA TERAPIAKO MASTERRA helduentzako NEUROPSIKOLOGIAKO GRADUONDOKOA HAURREN ETA NERABEEN PSIKOTERAPIAKO AHOLKULARI ESPEZIALISTA[&hellip;]\" \/>\n<meta property=\"og:url\" content=\"https:\/\/josuneeguia.com\/eu\/\" \/>\n<meta property=\"og:site_name\" content=\"CAMPUZANO Psicolog\u00eda\" \/>\n<meta property=\"article:modified_time\" content=\"2024-02-21T11:14:14+00:00\" \/>\n<meta property=\"og:image\" content=\"https:\/\/josuneeguia.com\/wp-content\/uploads\/elementor\/thumbs\/IMG_0072-qj4x3ku25svzabpx7x87keucsduee2ygtpdymjms56.jpg\" \/>\n<meta name=\"twitter:card\" content=\"summary_large_image\" \/>\n<meta name=\"twitter:label1\" content=\"Est. reading time\" \/>\n\t<meta name=\"twitter:data1\" content=\"2 minutes\" \/>\n<script type=\"application\/ld+json\" class=\"yoast-schema-graph\">{\"@context\":\"https:\/\/schema.org\",\"@graph\":[{\"@type\":\"WebPage\",\"@id\":\"https:\/\/josuneeguia.com\/eu\/\",\"url\":\"https:\/\/josuneeguia.com\/eu\/\",\"name\":\"Haziera - CAMPUZANO Psicolog\u00eda\",\"isPartOf\":{\"@id\":\"https:\/\/josuneeguia.com\/#website\"},\"primaryImageOfPage\":{\"@id\":\"https:\/\/josuneeguia.com\/eu\/#primaryimage\"},\"image\":{\"@id\":\"https:\/\/josuneeguia.com\/eu\/#primaryimage\"},\"thumbnailUrl\":\"https:\/\/josuneeguia.com\/wp-content\/uploads\/elementor\/thumbs\/IMG_0072-qj4x3ku25svzabpx7x87keucsduee2ygtpdymjms56.jpg\",\"datePublished\":\"2020-08-24T07:06:38+00:00\",\"dateModified\":\"2024-02-21T11:14:14+00:00\",\"breadcrumb\":{\"@id\":\"https:\/\/josuneeguia.com\/eu\/#breadcrumb\"},\"inLanguage\":\"eu-ES\",\"potentialAction\":[{\"@type\":\"ReadAction\",\"target\":[\"https:\/\/josuneeguia.com\/eu\/\"]}]},{\"@type\":\"ImageObject\",\"inLanguage\":\"eu-ES\",\"@id\":\"https:\/\/josuneeguia.com\/eu\/#primaryimage\",\"url\":\"https:\/\/josuneeguia.com\/wp-content\/uploads\/elementor\/thumbs\/IMG_0072-qj4x3ku25svzabpx7x87keucsduee2ygtpdymjms56.jpg\",\"contentUrl\":\"https:\/\/josuneeguia.com\/wp-content\/uploads\/elementor\/thumbs\/IMG_0072-qj4x3ku25svzabpx7x87keucsduee2ygtpdymjms56.jpg\"},{\"@type\":\"BreadcrumbList\",\"@id\":\"https:\/\/josuneeguia.com\/eu\/#breadcrumb\",\"itemListElement\":[{\"@type\":\"ListItem\",\"position\":1,\"name\":\"Portada\",\"item\":\"https:\/\/josuneeguia.com\/eu\/\"},{\"@type\":\"ListItem\",\"position\":2,\"name\":\"Haziera\"}]},{\"@type\":\"WebSite\",\"@id\":\"https:\/\/josuneeguia.com\/#website\",\"url\":\"https:\/\/josuneeguia.com\/\",\"name\":\"CAMPUZANO Psicolog\u00eda\",\"description\":\"Psic\u00f3loga en Bilbao\",\"potentialAction\":[{\"@type\":\"SearchAction\",\"target\":{\"@type\":\"EntryPoint\",\"urlTemplate\":\"https:\/\/josuneeguia.com\/?s={search_term_string}\"},\"query-input\":{\"@type\":\"PropertyValueSpecification\",\"valueRequired\":true,\"valueName\":\"search_term_string\"}}],\"inLanguage\":\"eu-ES\"}]}<\/script>\n<!-- \/ Yoast SEO plugin. -->","yoast_head_json":{"title":"Haziera - CAMPUZANO Psicolog\u00eda","robots":{"index":"index","follow":"follow","max-snippet":"max-snippet:-1","max-image-preview":"max-image-preview:large","max-video-preview":"max-video-preview:-1"},"canonical":"https:\/\/josuneeguia.com\/eu\/","og_locale":"eu_ES","og_type":"article","og_title":"Haziera - CAMPUZANO Psicolog\u00eda","og_description":"Kanpuzar Psikologia 1995ean sortutako Psikoterapia Kabinetea, Osasun-zentroko kualifikazioarekin ESPERIENTZIA OSASUN MENTALEAN 1995etik Psikologo Espezialista Psikologia Klinikoan Hezkuntza eta Zientzia Ministerioaren Psikologo Espezialistaren titulu ofiziala. Psikoterapian Psikologo Espezialista Europako Psikologoen Elkarteen Federazioaren (EFPA) egiaztapen-ziurtagiria, EuroPsy (European Certificate in Psychology). Antsietatearen, Afektibitatearen eta Min Kronikoaren Nahasmenduetan LPSrekin Esku Hartzeko aditua Denbora Mugatuko Psikoterapien Europako Institutuaren izenean PSIKOLOGO KLINIKOA ETA DIAGNOSTIKO ETA TERAPIAKO MASTERRA helduentzako NEUROPSIKOLOGIAKO GRADUONDOKOA HAURREN ETA NERABEEN PSIKOTERAPIAKO AHOLKULARI ESPEZIALISTA[&hellip;]","og_url":"https:\/\/josuneeguia.com\/eu\/","og_site_name":"CAMPUZANO Psicolog\u00eda","article_modified_time":"2024-02-21T11:14:14+00:00","og_image":[{"url":"https:\/\/josuneeguia.com\/wp-content\/uploads\/elementor\/thumbs\/IMG_0072-qj4x3ku25svzabpx7x87keucsduee2ygtpdymjms56.jpg","type":"","width":"","height":""}],"twitter_card":"summary_large_image","twitter_misc":{"Est. reading time":"2 minutes"},"schema":{"@context":"https:\/\/schema.org","@graph":[{"@type":"WebPage","@id":"https:\/\/josuneeguia.com\/eu\/","url":"https:\/\/josuneeguia.com\/eu\/","name":"Haziera - CAMPUZANO Psicolog\u00eda","isPartOf":{"@id":"https:\/\/josuneeguia.com\/#website"},"primaryImageOfPage":{"@id":"https:\/\/josuneeguia.com\/eu\/#primaryimage"},"image":{"@id":"https:\/\/josuneeguia.com\/eu\/#primaryimage"},"thumbnailUrl":"https:\/\/josuneeguia.com\/wp-content\/uploads\/elementor\/thumbs\/IMG_0072-qj4x3ku25svzabpx7x87keucsduee2ygtpdymjms56.jpg","datePublished":"2020-08-24T07:06:38+00:00","dateModified":"2024-02-21T11:14:14+00:00","breadcrumb":{"@id":"https:\/\/josuneeguia.com\/eu\/#breadcrumb"},"inLanguage":"eu-ES","potentialAction":[{"@type":"ReadAction","target":["https:\/\/josuneeguia.com\/eu\/"]}]},{"@type":"ImageObject","inLanguage":"eu-ES","@id":"https:\/\/josuneeguia.com\/eu\/#primaryimage","url":"https:\/\/josuneeguia.com\/wp-content\/uploads\/elementor\/thumbs\/IMG_0072-qj4x3ku25svzabpx7x87keucsduee2ygtpdymjms56.jpg","contentUrl":"https:\/\/josuneeguia.com\/wp-content\/uploads\/elementor\/thumbs\/IMG_0072-qj4x3ku25svzabpx7x87keucsduee2ygtpdymjms56.jpg"},{"@type":"BreadcrumbList","@id":"https:\/\/josuneeguia.com\/eu\/#breadcrumb","itemListElement":[{"@type":"ListItem","position":1,"name":"Portada","item":"https:\/\/josuneeguia.com\/eu\/"},{"@type":"ListItem","position":2,"name":"Haziera"}]},{"@type":"WebSite","@id":"https:\/\/josuneeguia.com\/#website","url":"https:\/\/josuneeguia.com\/","name":"CAMPUZANO Psicolog\u00eda","description":"Psic\u00f3loga en Bilbao","potentialAction":[{"@type":"SearchAction","target":{"@type":"EntryPoint","urlTemplate":"https:\/\/josuneeguia.com\/?s={search_term_string}"},"query-input":{"@type":"PropertyValueSpecification","valueRequired":true,"valueName":"search_term_string"}}],"inLanguage":"eu-ES"}]}},"_links":{"self":[{"href":"https:\/\/josuneeguia.com\/eu\/wp-json\/wp\/v2\/pages\/538","targetHints":{"allow":["GET"]}}],"collection":[{"href":"https:\/\/josuneeguia.com\/eu\/wp-json\/wp\/v2\/pages"}],"about":[{"href":"https:\/\/josuneeguia.com\/eu\/wp-json\/wp\/v2\/types\/page"}],"author":[{"embeddable":true,"href":"https:\/\/josuneeguia.com\/eu\/wp-json\/wp\/v2\/users\/3"}],"replies":[{"embeddable":true,"href":"https:\/\/josuneeguia.com\/eu\/wp-json\/wp\/v2\/comments?post=538"}],"version-history":[{"count":14,"href":"https:\/\/josuneeguia.com\/eu\/wp-json\/wp\/v2\/pages\/538\/revisions"}],"predecessor-version":[{"id":560,"href":"https:\/\/josuneeguia.com\/eu\/wp-json\/wp\/v2\/pages\/538\/revisions\/560"}],"wp:attachment":[{"href":"https:\/\/josuneeguia.com\/eu\/wp-json\/wp\/v2\/media?parent=538"}],"curies":[{"name":"wp","href":"https:\/\/api.w.org\/{rel}","templated":true}]}}